{"id":101,"date":"2022-01-07T09:35:41","date_gmt":"2022-01-07T08:35:41","guid":{"rendered":"https:\/\/mpa.jilits.se\/?page_id=101"},"modified":"2026-03-09T22:12:29","modified_gmt":"2026-03-09T21:12:29","slug":"kontakt","status":"publish","type":"page","link":"https:\/\/motesplatsenangered.se\/en\/kontakt\/","title":{"rendered":"Kontakt"},"content":{"rendered":"<h2 class=\"wp-block-heading has-medium-font-size\">Kontakta oss<\/h2>\n\n\n\n<p>M\u00f6tesplatsen Angered<br>Hj\u00e4llbog\u00e4rdet 1<br>424 34 Angered<\/p>\n\n\n\n<p><\/p>\n\n\n\n<p>Mail: info[snabel-a]motesplatsenangered.se<\/p>\n\n\n\n<h2 class=\"wp-block-heading has-medium-font-size\">St\u00f6tta<\/h2>\n\n\n\n<p>Swishnummer:<br>123 146 6085<\/p>\n\n\n\n<p>Plusgiro:<br>484 45 29-0&nbsp;(Nordea)<\/p>\n\n\n\n<p><\/p>\n\n\n\n<p>From abroad &#8211; <\/p>\n\n\n\n<p>IBAN: <strong>SE67 9500 0099 6026 4844 5290<\/strong><\/p>\n\n\n\n<p>BIC: <strong>NDEASESS<\/strong><\/p>\n\n\n\n<p>Account holder: <strong>ERIKSBO KRISTNA F\u00d6RSAMLING<\/strong><\/p>\n\n\n\n<h2 class=\"wp-block-heading has-medium-font-size\">Hitta hit<\/h2>\n\n\n\n<p>Buss 71 och 78<br><a href=\"https:\/\/www.vasttrafik.se\/reseplanering\/hallplatser\/9021014002270000\/\" data-type=\"URL\" data-id=\"https:\/\/www.vasttrafik.se\/reseplanering\/hallplatser\/9021014002270000\/\" target=\"_blank\" rel=\"noreferrer noopener\">H\u00e5llplats Eriksbo V\u00e4sterg\u00e4rde<\/a><\/p>\n\n\n\n<figure class=\"wp-block-gallery has-nested-images columns-default is-cropped wp-block-gallery-1 is-layout-flex wp-block-gallery-is-layout-flex\">\n<figure class=\"wp-block-image size-large\"><img loading=\"lazy\" decoding=\"async\" width=\"1024\" height=\"683\" data-id=\"462\" src=\"http:\/\/motesplatsenangered.se\/wp-content\/uploads\/2023\/11\/DSC08576-min-1024x683.jpeg\" alt=\"\" class=\"wp-image-462\" srcset=\"https:\/\/motesplatsenangered.se\/wp-content\/uploads\/2023\/11\/DSC08576-min-1024x683.jpeg 1024w, https:\/\/motesplatsenangered.se\/wp-content\/uploads\/2023\/11\/DSC08576-min-300x200.jpeg 300w, https:\/\/motesplatsenangered.se\/wp-content\/uploads\/2023\/11\/DSC08576-min-768x512.jpeg 768w, https:\/\/motesplatsenangered.se\/wp-content\/uploads\/2023\/11\/DSC08576-min-1536x1024.jpeg 1536w, https:\/\/motesplatsenangered.se\/wp-content\/uploads\/2023\/11\/DSC08576-min-18x12.jpeg 18w, https:\/\/motesplatsenangered.se\/wp-content\/uploads\/2023\/11\/DSC08576-min.jpeg 1920w\" sizes=\"auto, (max-width: 1024px) 100vw, 1024px\" \/><\/figure>\n\n\n\n<figure class=\"wp-block-image size-large\"><img loading=\"lazy\" decoding=\"async\" width=\"1024\" height=\"683\" data-id=\"461\" src=\"http:\/\/motesplatsenangered.se\/wp-content\/uploads\/2023\/11\/DSC08361-min-1024x683.jpeg\" alt=\"\" class=\"wp-image-461\" srcset=\"https:\/\/motesplatsenangered.se\/wp-content\/uploads\/2023\/11\/DSC08361-min-1024x683.jpeg 1024w, https:\/\/motesplatsenangered.se\/wp-content\/uploads\/2023\/11\/DSC08361-min-300x200.jpeg 300w, https:\/\/motesplatsenangered.se\/wp-content\/uploads\/2023\/11\/DSC08361-min-768x512.jpeg 768w, https:\/\/motesplatsenangered.se\/wp-content\/uploads\/2023\/11\/DSC08361-min-1536x1024.jpeg 1536w, https:\/\/motesplatsenangered.se\/wp-content\/uploads\/2023\/11\/DSC08361-min-18x12.jpeg 18w, https:\/\/motesplatsenangered.se\/wp-content\/uploads\/2023\/11\/DSC08361-min.jpeg 1920w\" sizes=\"auto, (max-width: 1024px) 100vw, 1024px\" \/><\/figure>\n\n\n\n<figure class=\"wp-block-image size-large\"><img loading=\"lazy\" decoding=\"async\" width=\"1024\" height=\"683\" data-id=\"460\" src=\"http:\/\/motesplatsenangered.se\/wp-content\/uploads\/2023\/11\/DSC08333-min-1024x683.jpeg\" alt=\"\" class=\"wp-image-460\" srcset=\"https:\/\/motesplatsenangered.se\/wp-content\/uploads\/2023\/11\/DSC08333-min-1024x683.jpeg 1024w, https:\/\/motesplatsenangered.se\/wp-content\/uploads\/2023\/11\/DSC08333-min-300x200.jpeg 300w, https:\/\/motesplatsenangered.se\/wp-content\/uploads\/2023\/11\/DSC08333-min-768x512.jpeg 768w, https:\/\/motesplatsenangered.se\/wp-content\/uploads\/2023\/11\/DSC08333-min-1536x1024.jpeg 1536w, https:\/\/motesplatsenangered.se\/wp-content\/uploads\/2023\/11\/DSC08333-min-18x12.jpeg 18w, https:\/\/motesplatsenangered.se\/wp-content\/uploads\/2023\/11\/DSC08333-min.jpeg 1920w\" sizes=\"auto, (max-width: 1024px) 100vw, 1024px\" \/><\/figure>\n<\/figure>","protected":false},"excerpt":{"rendered":"<p>Kontakta oss M\u00f6tesplatsen AngeredHj\u00e4llbog\u00e4rdet 1424 34 Angered Mail: info[snabel-a]motesplatsenangered.se St\u00f6tta Swishnummer:123 146 6085 Plusgiro:484 45 29-0&nbsp;(Nordea) From abroad &#8211; IBAN: SE67 9500 0099 6026 4844 5290 BIC: NDEASESS Account holder:&hellip;<\/p>","protected":false},"author":1,"featured_media":0,"parent":0,"menu_order":0,"comment_status":"closed","ping_status":"closed","template":"","meta":{"footnotes":""},"class_list":["post-101","page","type-page","status-publish","hentry"],"_links":{"self":[{"href":"https:\/\/motesplatsenangered.se\/en\/wp-json\/wp\/v2\/pages\/101","targetHints":{"allow":["GET"]}}],"collection":[{"href":"https:\/\/motesplatsenangered.se\/en\/wp-json\/wp\/v2\/pages"}],"about":[{"href":"https:\/\/motesplatsenangered.se\/en\/wp-json\/wp\/v2\/types\/page"}],"author":[{"embeddable":true,"href":"https:\/\/motesplatsenangered.se\/en\/wp-json\/wp\/v2\/users\/1"}],"replies":[{"embeddable":true,"href":"https:\/\/motesplatsenangered.se\/en\/wp-json\/wp\/v2\/comments?post=101"}],"version-history":[{"count":9,"href":"https:\/\/motesplatsenangered.se\/en\/wp-json\/wp\/v2\/pages\/101\/revisions"}],"predecessor-version":[{"id":729,"href":"https:\/\/motesplatsenangered.se\/en\/wp-json\/wp\/v2\/pages\/101\/revisions\/729"}],"wp:attachment":[{"href":"https:\/\/motesplatsenangered.se\/en\/wp-json\/wp\/v2\/media?parent=101"}],"curies":[{"name":"wp","href":"https:\/\/api.w.org\/{rel}","templated":true}]}}