{"id":109,"date":"2022-01-07T10:49:27","date_gmt":"2022-01-07T09:49:27","guid":{"rendered":"https:\/\/mpa.jilits.se\/?page_id=109"},"modified":"2023-05-08T22:19:34","modified_gmt":"2023-05-08T20:19:34","slug":"evangelisation","status":"publish","type":"page","link":"https:\/\/motesplatsenangered.se\/en\/aktiviteter\/evangelisation\/","title":{"rendered":"Evangelisation"},"content":{"rendered":"<p>Vi tror att den naturligaste formen av&nbsp;<strong>evangelisation<\/strong>&nbsp;sker&nbsp;i personliga relationer i vardagen&nbsp;d\u00e4r vi finns varje dag och delar livet med andra p\u00e5 v\u00e5ra arbetsplatser, i skolan, med v\u00e5ra grannar, v\u00e5r familj, v\u00e5ra v\u00e4nner m.fl.<\/p>\n\n\n\n<p>Vi vill uppmuntra alla att dela tron i vardagen genom att Gud f\u00e5r vara en del av samtalet vi har med andra och, inte minst, att vi \u00e4ven praktiskt, genom v\u00e5ra liv, det vi s\u00e4ger och g\u00f6r, f\u00e5r visa m\u00e4nniskor p\u00e5 Guds konkreta k\u00e4rlek och omsorg.<\/p>\n\n\n\n<h2 class=\"wp-block-heading\">Angereds centrum<\/h2>\n\n\n\n<p><strong>I stort sett varje l\u00f6rdag mellan 13.00-15.00<\/strong>\u00a0finns vi i Angereds centrum (inomhus vid ICA Maxi). Vi har ett fikabord som kontaktpunkt d\u00e4r vi bjuder p\u00e5 fika och f\u00e5r m\u00e5nga positiva m\u00f6ten och samtal med m\u00e4nniskor om Gud och d\u00e4r f\u00e5r vi ocks\u00e5 f\u00f6rm\u00e5nen att be f\u00f6r m\u00e4nniskor med olika behov. Bes\u00f6k v\u00e5r <a href=\"http:\/\/motesplatsenangered.se\/en\/aktiviteter\/\" data-type=\"page\" data-id=\"206\">aktivitetssida<\/a> f\u00f6r att finna aktuell information kring v\u00e5rt arbete i Angereds Centrum.<\/p>\n\n\n\n<p><\/p>\n\n\n\n<figure class=\"wp-block-image size-large\"><img loading=\"lazy\" decoding=\"async\" width=\"1024\" height=\"601\" src=\"http:\/\/motesplatsenangered.se\/wp-content\/uploads\/2023\/01\/mattias-1024x601.jpg\" alt=\"\" class=\"wp-image-233\" srcset=\"https:\/\/motesplatsenangered.se\/wp-content\/uploads\/2023\/01\/mattias-1024x601.jpg 1024w, https:\/\/motesplatsenangered.se\/wp-content\/uploads\/2023\/01\/mattias-300x176.jpg 300w, https:\/\/motesplatsenangered.se\/wp-content\/uploads\/2023\/01\/mattias-768x451.jpg 768w, https:\/\/motesplatsenangered.se\/wp-content\/uploads\/2023\/01\/mattias-1536x901.jpg 1536w, https:\/\/motesplatsenangered.se\/wp-content\/uploads\/2023\/01\/mattias-2048x1201.jpg 2048w, https:\/\/motesplatsenangered.se\/wp-content\/uploads\/2023\/01\/mattias-18x12.jpg 18w\" sizes=\"auto, (max-width: 1024px) 100vw, 1024px\" \/><\/figure>","protected":false},"excerpt":{"rendered":"<p>Vi tror att den naturligaste formen av&nbsp;evangelisation&nbsp;sker&nbsp;i personliga relationer i vardagen&nbsp;d\u00e4r vi finns varje dag och delar livet med andra p\u00e5 v\u00e5ra arbetsplatser, i skolan, med v\u00e5ra grannar, v\u00e5r familj,&hellip;<\/p>","protected":false},"author":1,"featured_media":0,"parent":206,"menu_order":1,"comment_status":"closed","ping_status":"closed","template":"","meta":{"footnotes":""},"class_list":["post-109","page","type-page","status-publish","hentry"],"_links":{"self":[{"href":"https:\/\/motesplatsenangered.se\/en\/wp-json\/wp\/v2\/pages\/109","targetHints":{"allow":["GET"]}}],"collection":[{"href":"https:\/\/motesplatsenangered.se\/en\/wp-json\/wp\/v2\/pages"}],"about":[{"href":"https:\/\/motesplatsenangered.se\/en\/wp-json\/wp\/v2\/types\/page"}],"author":[{"embeddable":true,"href":"https:\/\/motesplatsenangered.se\/en\/wp-json\/wp\/v2\/users\/1"}],"replies":[{"embeddable":true,"href":"https:\/\/motesplatsenangered.se\/en\/wp-json\/wp\/v2\/comments?post=109"}],"version-history":[{"count":5,"href":"https:\/\/motesplatsenangered.se\/en\/wp-json\/wp\/v2\/pages\/109\/revisions"}],"predecessor-version":[{"id":384,"href":"https:\/\/motesplatsenangered.se\/en\/wp-json\/wp\/v2\/pages\/109\/revisions\/384"}],"up":[{"embeddable":true,"href":"https:\/\/motesplatsenangered.se\/en\/wp-json\/wp\/v2\/pages\/206"}],"wp:attachment":[{"href":"https:\/\/motesplatsenangered.se\/en\/wp-json\/wp\/v2\/media?parent=109"}],"curies":[{"name":"wp","href":"https:\/\/api.w.org\/{rel}","templated":true}]}}