{"id":117,"date":"2022-01-07T10:56:51","date_gmt":"2022-01-07T09:56:51","guid":{"rendered":"https:\/\/mpa.jilits.se\/?page_id=117"},"modified":"2023-12-11T19:17:10","modified_gmt":"2023-12-11T18:17:10","slug":"forsamlingen","status":"publish","type":"page","link":"https:\/\/motesplatsenangered.se\/en\/motesplatsen\/forsamlingen\/","title":{"rendered":"F\u00f6rsamlingen"},"content":{"rendered":"<p><strong>M\u00f6tesplatsen<\/strong> <strong>Angered\u00a0<\/strong>\u00e4r en kristen f\u00f6rsamling som \u00e4r ansluten till kyrkosamfundet\u00a0<strong><a href=\"http:\/\/www.efk.se\/\">Evangeliska Frikyrkan<\/a><\/strong>\u00a0. <\/p>\n\n\n\n<p>Det \u00e4r ett pionj\u00e4rt f\u00f6rsamlingsbygge med m\u00e5nga sp\u00e4nnande utmaningar.&nbsp;<\/p>\n\n\n\n<p>Det handlar om att bygga vidare p\u00e5 en stadig och god grund som redan finns, men att f\u00e5 bryta ny mark, bygga nya relationer och f\u00e5 g\u00f6ra budskapet om Jesus Kristus k\u00e4nt f\u00f6r s\u00e5 m\u00e5nga m\u00e4nniskor som m\u00f6jligt.<\/p>\n\n\n\n<div class=\"wp-block-media-text alignwide is-stacked-on-mobile\" style=\"grid-template-columns:37% auto\"><figure class=\"wp-block-media-text__media\"><img loading=\"lazy\" decoding=\"async\" width=\"600\" height=\"450\" src=\"https:\/\/mpa.jilits.se\/wp-content\/uploads\/2022\/01\/0610c4fd-3d78-42a5-a1e0-355700c64f98.jpg\" alt=\"\" class=\"wp-image-149 size-full\" srcset=\"https:\/\/motesplatsenangered.se\/wp-content\/uploads\/2022\/01\/0610c4fd-3d78-42a5-a1e0-355700c64f98.jpg 600w, https:\/\/motesplatsenangered.se\/wp-content\/uploads\/2022\/01\/0610c4fd-3d78-42a5-a1e0-355700c64f98-300x225.jpg 300w\" sizes=\"auto, (max-width: 600px) 100vw, 600px\" \/><\/figure><div class=\"wp-block-media-text__content\">\n<p class=\"has-normal-font-size\">I Angered \u00e4r&nbsp;<em>v\u00e4rlden alldeles runt h\u00f6rnet<\/em>&nbsp;med m\u00e5nga olika nationaliteter, spr\u00e5k, religioner &amp; kulturer. F\u00f6rsamlingen \u00e5terspeglar det genom att vi kommer fr\u00e5n m\u00e5nga delar av v\u00e4rlden.<\/p>\n\n\n\n<p class=\"has-normal-font-size\">Vi samarbetar med och st\u00e5r i relation till m\u00e5nga andra kristna f\u00f6rsamlingar fr\u00e5n olika sammanhang runt om i G\u00f6teborg och vi vill vara en aktiv del i att st\u00e4rka hela Guds f\u00f6rsamling i staden.<\/p>\n<\/div><\/div>\n\n\n\n<p><\/p>","protected":false},"excerpt":{"rendered":"<p>M\u00f6tesplatsen Angered\u00a0\u00e4r en kristen f\u00f6rsamling som \u00e4r ansluten till kyrkosamfundet\u00a0Evangeliska Frikyrkan\u00a0. Det \u00e4r ett pionj\u00e4rt f\u00f6rsamlingsbygge med m\u00e5nga sp\u00e4nnande utmaningar.&nbsp; Det handlar om att bygga vidare p\u00e5 en stadig och&hellip;<\/p>","protected":false},"author":1,"featured_media":0,"parent":2,"menu_order":0,"comment_status":"closed","ping_status":"closed","template":"","meta":{"footnotes":""},"class_list":["post-117","page","type-page","status-publish","hentry"],"_links":{"self":[{"href":"https:\/\/motesplatsenangered.se\/en\/wp-json\/wp\/v2\/pages\/117","targetHints":{"allow":["GET"]}}],"collection":[{"href":"https:\/\/motesplatsenangered.se\/en\/wp-json\/wp\/v2\/pages"}],"about":[{"href":"https:\/\/motesplatsenangered.se\/en\/wp-json\/wp\/v2\/types\/page"}],"author":[{"embeddable":true,"href":"https:\/\/motesplatsenangered.se\/en\/wp-json\/wp\/v2\/users\/1"}],"replies":[{"embeddable":true,"href":"https:\/\/motesplatsenangered.se\/en\/wp-json\/wp\/v2\/comments?post=117"}],"version-history":[{"count":15,"href":"https:\/\/motesplatsenangered.se\/en\/wp-json\/wp\/v2\/pages\/117\/revisions"}],"predecessor-version":[{"id":483,"href":"https:\/\/motesplatsenangered.se\/en\/wp-json\/wp\/v2\/pages\/117\/revisions\/483"}],"up":[{"embeddable":true,"href":"https:\/\/motesplatsenangered.se\/en\/wp-json\/wp\/v2\/pages\/2"}],"wp:attachment":[{"href":"https:\/\/motesplatsenangered.se\/en\/wp-json\/wp\/v2\/media?parent=117"}],"curies":[{"name":"wp","href":"https:\/\/api.w.org\/{rel}","templated":true}]}}