{"id":122,"date":"2022-01-07T11:06:08","date_gmt":"2022-01-07T10:06:08","guid":{"rendered":"https:\/\/mpa.jilits.se\/?page_id=122"},"modified":"2022-01-11T18:01:40","modified_gmt":"2022-01-11T17:01:40","slug":"vill-du-mota-med-gud","status":"publish","type":"page","link":"https:\/\/motesplatsenangered.se\/en\/motesplatsen\/vill-du-mota-med-gud\/","title":{"rendered":"Vill du m\u00f6ta med Gud?"},"content":{"rendered":"<h2 class=\"wp-block-heading\">V\u00e4lkommen till Helandekv\u00e4llar.<\/h2>\n\n\n\n<p>Vi ser Jesus hela m\u00e4nniskor regelbundet, b\u00e5de p\u00e5 v\u00e5ra gudstj\u00e4nster och p\u00e5 v\u00e5ra \u00f6vriga samlingar. F\u00f6r Gud \u00e4r ingenting om\u00f6jligt! Han \u00e4lskar att m\u00f6ta oss och r\u00f6ra vid v\u00e5ra liv som bara han kan.<\/p>\n\n\n\n<p>Tid: Onsdagar 19.00<\/p>\n\n\n\n<p>Plats: M\u00f6tesplatsen Angered<br>Hj\u00e4llbog\u00e4rdet 1<\/p>","protected":false},"excerpt":{"rendered":"<p>V\u00e4lkommen till Helandekv\u00e4llar. Vi ser Jesus hela m\u00e4nniskor regelbundet, b\u00e5de p\u00e5 v\u00e5ra gudstj\u00e4nster och p\u00e5 v\u00e5ra \u00f6vriga samlingar. F\u00f6r Gud \u00e4r ingenting om\u00f6jligt! Han \u00e4lskar att m\u00f6ta oss och r\u00f6ra&hellip;<\/p>","protected":false},"author":1,"featured_media":120,"parent":2,"menu_order":3,"comment_status":"closed","ping_status":"closed","template":"","meta":{"footnotes":""},"class_list":["post-122","page","type-page","status-publish","has-post-thumbnail","hentry"],"_links":{"self":[{"href":"https:\/\/motesplatsenangered.se\/en\/wp-json\/wp\/v2\/pages\/122","targetHints":{"allow":["GET"]}}],"collection":[{"href":"https:\/\/motesplatsenangered.se\/en\/wp-json\/wp\/v2\/pages"}],"about":[{"href":"https:\/\/motesplatsenangered.se\/en\/wp-json\/wp\/v2\/types\/page"}],"author":[{"embeddable":true,"href":"https:\/\/motesplatsenangered.se\/en\/wp-json\/wp\/v2\/users\/1"}],"replies":[{"embeddable":true,"href":"https:\/\/motesplatsenangered.se\/en\/wp-json\/wp\/v2\/comments?post=122"}],"version-history":[{"count":7,"href":"https:\/\/motesplatsenangered.se\/en\/wp-json\/wp\/v2\/pages\/122\/revisions"}],"predecessor-version":[{"id":169,"href":"https:\/\/motesplatsenangered.se\/en\/wp-json\/wp\/v2\/pages\/122\/revisions\/169"}],"up":[{"embeddable":true,"href":"https:\/\/motesplatsenangered.se\/en\/wp-json\/wp\/v2\/pages\/2"}],"wp:featuredmedia":[{"embeddable":true,"href":"https:\/\/motesplatsenangered.se\/en\/wp-json\/wp\/v2\/media\/120"}],"wp:attachment":[{"href":"https:\/\/motesplatsenangered.se\/en\/wp-json\/wp\/v2\/media?parent=122"}],"curies":[{"name":"wp","href":"https:\/\/api.w.org\/{rel}","templated":true}]}}