{"id":157,"date":"2022-01-11T17:33:09","date_gmt":"2022-01-11T16:33:09","guid":{"rendered":"https:\/\/mpa.jilits.se\/?page_id=157"},"modified":"2022-01-11T17:33:09","modified_gmt":"2022-01-11T16:33:09","slug":"var-tro","status":"publish","type":"page","link":"https:\/\/motesplatsenangered.se\/en\/motesplatsen\/var-tro\/","title":{"rendered":"V\u00e5r tro"},"content":{"rendered":"<h2 class=\"wp-block-heading\">Vi tror p\u00e5<\/h2>\n\n\n\n<ul class=\"wp-block-list\"><li>En personlig Gud som ligger bakom att vi finns till och som l\u00e4ngtar efter att f\u00e5 bli delaktig i alla m\u00e4nniskors liv<\/li><li>En Gud som \u00e4r n\u00e4ra oss i alla livets omst\u00e4ndigheter<\/li><li>Att vi genom Jesus Kristus kan l\u00e4ra k\u00e4nna Gud och f\u00e5 en personlig relation till Honom<\/li><li>Att livet \u00e4r en g\u00e5va fr\u00e5n Gud och att han har gett varje m\u00e4nniska ett oers\u00e4ttligt v\u00e4rde.<\/li><li>Att meningen med livet \ufb01nns att uppt\u00e4cka i relationen till Gud.<\/li><li>Bibeln, Guds ord\u2026<\/li><\/ul>\n\n\n\n<h2 class=\"wp-block-heading\">Bibeln, Guds ord<\/h2>\n\n\n\n<ul class=\"wp-block-list\"><li>Vi tror att Bibeln \u00e4r inspirerad av Gud<\/li><li>Bibeln \u00e4r en guide och instruktionsbok f\u00f6r livet<\/li><li>Den ber\u00e4ttar om m\u00e4nsklighetens ursprung och Guds goda intention f\u00f6r m\u00e4nniskan<\/li><li>Den presenterar Guds erbjudande till m\u00e4nniskan om att finna meningen med livet i relationen till Honom<\/li><\/ul>\n\n\n\n<p><\/p>","protected":false},"excerpt":{"rendered":"<p>Vi tror p\u00e5 En personlig Gud som ligger bakom att vi finns till och som l\u00e4ngtar efter att f\u00e5 bli delaktig i alla m\u00e4nniskors liv En Gud som \u00e4r n\u00e4ra&hellip;<\/p>","protected":false},"author":1,"featured_media":119,"parent":2,"menu_order":2,"comment_status":"closed","ping_status":"closed","template":"","meta":{"footnotes":""},"class_list":["post-157","page","type-page","status-publish","has-post-thumbnail","hentry"],"_links":{"self":[{"href":"https:\/\/motesplatsenangered.se\/en\/wp-json\/wp\/v2\/pages\/157","targetHints":{"allow":["GET"]}}],"collection":[{"href":"https:\/\/motesplatsenangered.se\/en\/wp-json\/wp\/v2\/pages"}],"about":[{"href":"https:\/\/motesplatsenangered.se\/en\/wp-json\/wp\/v2\/types\/page"}],"author":[{"embeddable":true,"href":"https:\/\/motesplatsenangered.se\/en\/wp-json\/wp\/v2\/users\/1"}],"replies":[{"embeddable":true,"href":"https:\/\/motesplatsenangered.se\/en\/wp-json\/wp\/v2\/comments?post=157"}],"version-history":[{"count":1,"href":"https:\/\/motesplatsenangered.se\/en\/wp-json\/wp\/v2\/pages\/157\/revisions"}],"predecessor-version":[{"id":158,"href":"https:\/\/motesplatsenangered.se\/en\/wp-json\/wp\/v2\/pages\/157\/revisions\/158"}],"up":[{"embeddable":true,"href":"https:\/\/motesplatsenangered.se\/en\/wp-json\/wp\/v2\/pages\/2"}],"wp:featuredmedia":[{"embeddable":true,"href":"https:\/\/motesplatsenangered.se\/en\/wp-json\/wp\/v2\/media\/119"}],"wp:attachment":[{"href":"https:\/\/motesplatsenangered.se\/en\/wp-json\/wp\/v2\/media?parent=157"}],"curies":[{"name":"wp","href":"https:\/\/api.w.org\/{rel}","templated":true}]}}