{"id":2,"date":"2022-01-04T12:47:28","date_gmt":"2022-01-04T11:47:28","guid":{"rendered":"http:\/\/mpa.jilits.se\/?page_id=2"},"modified":"2023-11-19T14:36:31","modified_gmt":"2023-11-19T13:36:31","slug":"motesplatsen","status":"publish","type":"page","link":"https:\/\/motesplatsenangered.se\/en\/motesplatsen\/","title":{"rendered":"M\u00f6tesplatsen Angered"},"content":{"rendered":"<p><strong>M\u00f6ten med Gud &#8211; m\u00f6ten med m\u00e4nniskor<\/strong>.<\/p>\n\n\n\n<p>\u00c4r du redan kristen, \u00e4r du nyfiken p\u00e5 den kristna tron eller vill du bara g\u00f6ra ett studiebes\u00f6k f\u00f6r att se hur det \u00e4r?<strong>&nbsp;Du \u00e4r v\u00e4lkommen!<\/strong><\/p>\n\n\n\n<figure class=\"wp-block-gallery has-nested-images columns-default is-cropped wp-block-gallery-1 is-layout-flex wp-block-gallery-is-layout-flex\">\n<figure class=\"wp-block-image size-large\"><img loading=\"lazy\" decoding=\"async\" width=\"600\" height=\"450\" data-id=\"149\" src=\"http:\/\/motesplatsenangered.se\/wp-content\/uploads\/2022\/01\/0610c4fd-3d78-42a5-a1e0-355700c64f98.jpg\" alt=\"\" class=\"wp-image-149\" srcset=\"https:\/\/motesplatsenangered.se\/wp-content\/uploads\/2022\/01\/0610c4fd-3d78-42a5-a1e0-355700c64f98.jpg 600w, https:\/\/motesplatsenangered.se\/wp-content\/uploads\/2022\/01\/0610c4fd-3d78-42a5-a1e0-355700c64f98-300x225.jpg 300w\" sizes=\"auto, (max-width: 600px) 100vw, 600px\" \/><\/figure>\n\n\n\n<figure class=\"wp-block-image size-large\"><img loading=\"lazy\" decoding=\"async\" width=\"438\" height=\"441\" data-id=\"139\" src=\"http:\/\/motesplatsenangered.se\/wp-content\/uploads\/2022\/01\/Screenshot-2022-01-07-133055.png\" alt=\"\" class=\"wp-image-139\" srcset=\"https:\/\/motesplatsenangered.se\/wp-content\/uploads\/2022\/01\/Screenshot-2022-01-07-133055.png 438w, https:\/\/motesplatsenangered.se\/wp-content\/uploads\/2022\/01\/Screenshot-2022-01-07-133055-298x300.png 298w, https:\/\/motesplatsenangered.se\/wp-content\/uploads\/2022\/01\/Screenshot-2022-01-07-133055-150x150.png 150w\" sizes=\"auto, (max-width: 438px) 100vw, 438px\" \/><\/figure>\n\n\n\n<figure class=\"wp-block-image size-large\"><img loading=\"lazy\" decoding=\"async\" width=\"1024\" height=\"768\" data-id=\"153\" src=\"http:\/\/motesplatsenangered.se\/wp-content\/uploads\/2022\/01\/3fe58638-1dfd-4ff9-8270-70a6f09dcb5e-1024x768.jpg\" alt=\"\" class=\"wp-image-153\" srcset=\"https:\/\/motesplatsenangered.se\/wp-content\/uploads\/2022\/01\/3fe58638-1dfd-4ff9-8270-70a6f09dcb5e-1024x768.jpg 1024w, https:\/\/motesplatsenangered.se\/wp-content\/uploads\/2022\/01\/3fe58638-1dfd-4ff9-8270-70a6f09dcb5e-300x225.jpg 300w, https:\/\/motesplatsenangered.se\/wp-content\/uploads\/2022\/01\/3fe58638-1dfd-4ff9-8270-70a6f09dcb5e-768x576.jpg 768w, https:\/\/motesplatsenangered.se\/wp-content\/uploads\/2022\/01\/3fe58638-1dfd-4ff9-8270-70a6f09dcb5e-1536x1152.jpg 1536w, https:\/\/motesplatsenangered.se\/wp-content\/uploads\/2022\/01\/3fe58638-1dfd-4ff9-8270-70a6f09dcb5e-2048x1536.jpg 2048w\" sizes=\"auto, (max-width: 1024px) 100vw, 1024px\" \/><\/figure>\n<\/figure>\n\n\n\n<p>I Angered \u00e4r v\u00e4rlden alldeles runt h\u00f6rnet med m\u00e5nga olika nationaliteter, spr\u00e5k, religioner &amp; kulturer. F\u00f6rsamlingen \u00e5terspeglar det genom att vi kommer fr\u00e5n m\u00e5nga delar av v\u00e4rlden.<\/p>","protected":false},"excerpt":{"rendered":"<p>M\u00f6ten med Gud &#8211; m\u00f6ten med m\u00e4nniskor. \u00c4r du redan kristen, \u00e4r du nyfiken p\u00e5 den kristna tron eller vill du bara g\u00f6ra ett studiebes\u00f6k f\u00f6r att se hur det&hellip;<\/p>","protected":false},"author":1,"featured_media":457,"parent":0,"menu_order":0,"comment_status":"closed","ping_status":"open","template":"page-templates\/homepage-widgets-page.php","meta":{"footnotes":""},"class_list":["post-2","page","type-page","status-publish","has-post-thumbnail","hentry"],"_links":{"self":[{"href":"https:\/\/motesplatsenangered.se\/en\/wp-json\/wp\/v2\/pages\/2","targetHints":{"allow":["GET"]}}],"collection":[{"href":"https:\/\/motesplatsenangered.se\/en\/wp-json\/wp\/v2\/pages"}],"about":[{"href":"https:\/\/motesplatsenangered.se\/en\/wp-json\/wp\/v2\/types\/page"}],"author":[{"embeddable":true,"href":"https:\/\/motesplatsenangered.se\/en\/wp-json\/wp\/v2\/users\/1"}],"replies":[{"embeddable":true,"href":"https:\/\/motesplatsenangered.se\/en\/wp-json\/wp\/v2\/comments?post=2"}],"version-history":[{"count":23,"href":"https:\/\/motesplatsenangered.se\/en\/wp-json\/wp\/v2\/pages\/2\/revisions"}],"predecessor-version":[{"id":459,"href":"https:\/\/motesplatsenangered.se\/en\/wp-json\/wp\/v2\/pages\/2\/revisions\/459"}],"wp:featuredmedia":[{"embeddable":true,"href":"https:\/\/motesplatsenangered.se\/en\/wp-json\/wp\/v2\/media\/457"}],"wp:attachment":[{"href":"https:\/\/motesplatsenangered.se\/en\/wp-json\/wp\/v2\/media?parent=2"}],"curies":[{"name":"wp","href":"https:\/\/api.w.org\/{rel}","templated":true}]}}