{"id":206,"date":"2023-01-01T17:56:42","date_gmt":"2023-01-01T16:56:42","guid":{"rendered":"http:\/\/motesplatsenangered.se\/?page_id=206"},"modified":"2026-04-13T21:26:35","modified_gmt":"2026-04-13T19:26:35","slug":"aktiviteter","status":"publish","type":"page","link":"https:\/\/motesplatsenangered.se\/en\/aktiviteter\/","title":{"rendered":"Aktiviteter"},"content":{"rendered":"<p>H\u00e4r finns info om alla veckans aktiviteter p\u00e5 M\u00f6tesplatsen Angered. V\u00e4lkommen att bes\u00f6ka oss i v\u00e5ra olika samlingar och gudstj\u00e4nster. V\u00e5r adress och hur du hittar hit finner du under sidan &#8221;<a href=\"http:\/\/motesplatsenangered.se\/en\/kontakt\/\" data-type=\"page\" data-id=\"101\">Kontakt<\/a>&#8221;.<\/p>\n\n\n\n<p>Vecka 16<\/p>\n\n\n\n<p><\/p>\n\n\n\n<ul class=\"wp-block-list\">\n<li>Onsdag 18.30 B\u00f6n och helandesamling<\/li>\n\n\n\n<li>L\u00f6rdag OBS tiden! 14.00-16.00 Evangelisation i Angered centrum (Vi har borden under tak utanf\u00f6r Jerkstrands konditori).<\/li>\n\n\n\n<li>S\u00f6ndag 11.00 Gudstj\u00e4nst <\/li>\n\n\n\n<li>S\u00f6ndag 26e april Gemensam Dopgudstj\u00e4nst med G\u00f6teborgskyrkan, Redbergsv\u00e4gen 19<\/li>\n\n\n\n<li>L\u00f6rdag 6e juni 15.00 Nationaldagsb\u00f6n p\u00e5 G\u00f6taplatsen<\/li>\n<\/ul>\n\n\n\n<p><\/p>\n\n\n\n<p><\/p>\n\n\n\n<p><\/p>\n\n\n\n<p><\/p>\n\n\n\n<p><\/p>","protected":false},"excerpt":{"rendered":"<p>H\u00e4r finns info om alla veckans aktiviteter p\u00e5 M\u00f6tesplatsen Angered. V\u00e4lkommen att bes\u00f6ka oss i v\u00e5ra olika samlingar och gudstj\u00e4nster. V\u00e5r adress och hur du hittar hit finner du under&hellip;<\/p>","protected":false},"author":1,"featured_media":148,"parent":0,"menu_order":0,"comment_status":"closed","ping_status":"closed","template":"","meta":{"footnotes":""},"class_list":["post-206","page","type-page","status-publish","has-post-thumbnail","hentry"],"_links":{"self":[{"href":"https:\/\/motesplatsenangered.se\/en\/wp-json\/wp\/v2\/pages\/206","targetHints":{"allow":["GET"]}}],"collection":[{"href":"https:\/\/motesplatsenangered.se\/en\/wp-json\/wp\/v2\/pages"}],"about":[{"href":"https:\/\/motesplatsenangered.se\/en\/wp-json\/wp\/v2\/types\/page"}],"author":[{"embeddable":true,"href":"https:\/\/motesplatsenangered.se\/en\/wp-json\/wp\/v2\/users\/1"}],"replies":[{"embeddable":true,"href":"https:\/\/motesplatsenangered.se\/en\/wp-json\/wp\/v2\/comments?post=206"}],"version-history":[{"count":195,"href":"https:\/\/motesplatsenangered.se\/en\/wp-json\/wp\/v2\/pages\/206\/revisions"}],"predecessor-version":[{"id":738,"href":"https:\/\/motesplatsenangered.se\/en\/wp-json\/wp\/v2\/pages\/206\/revisions\/738"}],"wp:featuredmedia":[{"embeddable":true,"href":"https:\/\/motesplatsenangered.se\/en\/wp-json\/wp\/v2\/media\/148"}],"wp:attachment":[{"href":"https:\/\/motesplatsenangered.se\/en\/wp-json\/wp\/v2\/media?parent=206"}],"curies":[{"name":"wp","href":"https:\/\/api.w.org\/{rel}","templated":true}]}}