{"id":369,"date":"2023-05-07T16:51:30","date_gmt":"2023-05-07T14:51:30","guid":{"rendered":"http:\/\/motesplatsenangered.se\/?page_id=369"},"modified":"2023-05-07T16:52:04","modified_gmt":"2023-05-07T14:52:04","slug":"vittnesbord","status":"publish","type":"page","link":"https:\/\/motesplatsenangered.se\/en\/motesplatsen\/vittnesbord\/","title":{"rendered":"Vittnesb\u00f6rd"},"content":{"rendered":"<p>Gud g\u00f6r fantastiska saker i m\u00e4nniskors liv, och nedan finner ni en spellista med de inspelade vittnesb\u00f6rd som vi p\u00e5 M\u00f6tesplatsen Angered har f\u00e5tt v\u00e4lsignelsen att ta del utav! <em>Notera att \u00e4ldst klipp kommer f\u00f6rst.<\/em><\/p>\n\n\n\n<div style=\"position: relative; padding-top: 56.25%;\"><iframe loading=\"lazy\" title=\"Vittnesb\u00f6rd\" src=\"https:\/\/tube.tchncs.de\/video-playlists\/embed\/58f3ca34-5e2a-4948-bdc8-73afc4e94074\" allowfullscreen=\"\" sandbox=\"allow-same-origin allow-scripts allow-popups\" style=\"position: absolute; inset: 0px;\" width=\"100%\" height=\"100%\" frameborder=\"0\"><\/iframe><\/div>","protected":false},"excerpt":{"rendered":"<p>Gud g\u00f6r fantastiska saker i m\u00e4nniskors liv, och nedan finner ni en spellista med de inspelade vittnesb\u00f6rd som vi p\u00e5 M\u00f6tesplatsen Angered har f\u00e5tt v\u00e4lsignelsen att ta del utav! Notera&hellip;<\/p>","protected":false},"author":1,"featured_media":0,"parent":2,"menu_order":0,"comment_status":"closed","ping_status":"closed","template":"","meta":{"footnotes":""},"class_list":["post-369","page","type-page","status-publish","hentry"],"_links":{"self":[{"href":"https:\/\/motesplatsenangered.se\/en\/wp-json\/wp\/v2\/pages\/369","targetHints":{"allow":["GET"]}}],"collection":[{"href":"https:\/\/motesplatsenangered.se\/en\/wp-json\/wp\/v2\/pages"}],"about":[{"href":"https:\/\/motesplatsenangered.se\/en\/wp-json\/wp\/v2\/types\/page"}],"author":[{"embeddable":true,"href":"https:\/\/motesplatsenangered.se\/en\/wp-json\/wp\/v2\/users\/1"}],"replies":[{"embeddable":true,"href":"https:\/\/motesplatsenangered.se\/en\/wp-json\/wp\/v2\/comments?post=369"}],"version-history":[{"count":1,"href":"https:\/\/motesplatsenangered.se\/en\/wp-json\/wp\/v2\/pages\/369\/revisions"}],"predecessor-version":[{"id":370,"href":"https:\/\/motesplatsenangered.se\/en\/wp-json\/wp\/v2\/pages\/369\/revisions\/370"}],"up":[{"embeddable":true,"href":"https:\/\/motesplatsenangered.se\/en\/wp-json\/wp\/v2\/pages\/2"}],"wp:attachment":[{"href":"https:\/\/motesplatsenangered.se\/en\/wp-json\/wp\/v2\/media?parent=369"}],"curies":[{"name":"wp","href":"https:\/\/api.w.org\/{rel}","templated":true}]}}