{"id":40,"date":"2022-01-06T15:17:02","date_gmt":"2022-01-06T14:17:02","guid":{"rendered":"https:\/\/mpa.jilits.se\/?page_id=40"},"modified":"2023-11-19T14:33:53","modified_gmt":"2023-11-19T13:33:53","slug":"gudstjanster","status":"publish","type":"page","link":"https:\/\/motesplatsenangered.se\/en\/aktiviteter\/gudstjanster\/","title":{"rendered":"Gudstj\u00e4nster"},"content":{"rendered":"<p>Vi firar Gudstj\u00e4nst kl. 11.00 i M\u00f6tesplatsens lokaler, Hj\u00e4llbog\u00e4rdet 1 (om inget annat anges i programmet). Gudstj\u00e4nsten kan se lite olika ut, men vi vill att den, oavsett utformning, skall inbjuda var och en till ett personligt m\u00f6te med Gud.<\/p>\n\n\n\n<p><strong>Lovs\u00e5ng och tillbedjan<\/strong>&nbsp;\u00e4r en viktig del av gudstj\u00e4nsten. Att f\u00e5 l\u00e4gga allt annat \u00e5t sidan f\u00f6r en stund, att inbjuda Gud i centrum av v\u00e5ra liv, f\u00e5 uttrycka v\u00e5rt behov av honom och v\u00e5r tacksamhet \u00f6ver att han \u00e4r den han \u00e4r,&nbsp;det \u00e4r vad det h\u00e4r utrymmet handlar om. Vi f\u00e5r ett r\u00e4tt fokus d\u00e5 vi l\u00e4gger v\u00e5ra liv, med allt som finns d\u00e4r, inf\u00f6r Gud och d\u00e5 vi ger honom utrymme att f\u00e5 ber\u00f6ra v\u00e5ra liv med sin befriande n\u00e4rvaro.<\/p>\n\n\n\n<ul class=\"wp-block-list\">\n<li>Vi uppmuntrar till och vill ge utrymme f\u00f6r <strong>Det personliga vittnesb\u00f6rdet<\/strong>. Vi tror att det \u00e4r en naturlig och mycket viktig kanal som Gud anv\u00e4nder f\u00f6r att tala aktuellt in i v\u00e5ra liv.<\/li>\n\n\n\n<li>Ibland har vi <strong>Vittnesb\u00f6rdsgudstj\u00e4ns<\/strong>t d\u00e5 gudstj\u00e4nsten utg\u00f6rs och utformas av det personliga vittnesb\u00f6rdet fr\u00e5n alla som vill dela med sig av n\u00e5got.<\/li>\n\n\n\n<li>Minst en g\u00e5ng i m\u00e5naden firar vi <strong>Nattvardsgudstj\u00e4nst<\/strong>, ibland i kombination med vittnesb\u00f6rdsgudstj\u00e4nsten.<\/li>\n\n\n\n<li>N\u00e5gon s\u00f6ndag i m\u00e5naden brukar vi ha bes\u00f6k av n\u00e5gon g\u00e4sttalare. I \u00f6vrigt predikar f\u00f6rsamlingens pastor och andra av f\u00f6rsamlingens medlemmar.<\/li>\n\n\n\n<li>Det ges alltid ett gott utrymme f\u00f6r <strong>F\u00f6rb\u00f6n <\/strong>i samband med gudstj\u00e4nsten.<\/li>\n\n\n\n<li>Vi tycker om att <strong>Fika <\/strong>och det \u00e4r en st\u00e5ende punkt efter gudstj\u00e4nsten f\u00f6r den som har tid att stanna en stund.<\/li>\n<\/ul>\n\n\n\n<p>Vi publicerar de flesta gudstj\u00e4nstpredikningar online. Klicka <a rel=\"noreferrer noopener\" href=\"https:\/\/tube.tchncs.de\/a\/motesplatsen_angered\/videos\" data-type=\"URL\" data-id=\"https:\/\/tube.tchncs.de\/a\/motesplatsen_angered\/videos\" target=\"_blank\">h\u00e4r<\/a> f\u00f6r att komma till v\u00e5r videokanal, eller titta i spellistan nedan (\u00e4ldst klipp kommer f\u00f6rst).<\/p>\n\n\n\n<div style=\"position: relative; padding-top: 56.25%;\"><iframe loading=\"lazy\" title=\"Gudstj\u00e4nster\" src=\"https:\/\/tube.tchncs.de\/video-playlists\/embed\/e2fa8d9c-bd38-45b7-ae9f-7313824faafe\" allowfullscreen=\"\" sandbox=\"allow-same-origin allow-scripts allow-popups\" style=\"position: absolute; inset: 0px;\" width=\"100%\" height=\"100%\" frameborder=\"0\"><\/iframe><\/div>","protected":false},"excerpt":{"rendered":"<p>Vi firar Gudstj\u00e4nst kl. 11.00 i M\u00f6tesplatsens lokaler, Hj\u00e4llbog\u00e4rdet 1 (om inget annat anges i programmet). Gudstj\u00e4nsten kan se lite olika ut, men vi vill att den, oavsett utformning, skall&hellip;<\/p>","protected":false},"author":1,"featured_media":455,"parent":206,"menu_order":0,"comment_status":"closed","ping_status":"closed","template":"","meta":{"footnotes":""},"class_list":["post-40","page","type-page","status-publish","has-post-thumbnail","hentry"],"_links":{"self":[{"href":"https:\/\/motesplatsenangered.se\/en\/wp-json\/wp\/v2\/pages\/40","targetHints":{"allow":["GET"]}}],"collection":[{"href":"https:\/\/motesplatsenangered.se\/en\/wp-json\/wp\/v2\/pages"}],"about":[{"href":"https:\/\/motesplatsenangered.se\/en\/wp-json\/wp\/v2\/types\/page"}],"author":[{"embeddable":true,"href":"https:\/\/motesplatsenangered.se\/en\/wp-json\/wp\/v2\/users\/1"}],"replies":[{"embeddable":true,"href":"https:\/\/motesplatsenangered.se\/en\/wp-json\/wp\/v2\/comments?post=40"}],"version-history":[{"count":10,"href":"https:\/\/motesplatsenangered.se\/en\/wp-json\/wp\/v2\/pages\/40\/revisions"}],"predecessor-version":[{"id":368,"href":"https:\/\/motesplatsenangered.se\/en\/wp-json\/wp\/v2\/pages\/40\/revisions\/368"}],"up":[{"embeddable":true,"href":"https:\/\/motesplatsenangered.se\/en\/wp-json\/wp\/v2\/pages\/206"}],"wp:featuredmedia":[{"embeddable":true,"href":"https:\/\/motesplatsenangered.se\/en\/wp-json\/wp\/v2\/media\/455"}],"wp:attachment":[{"href":"https:\/\/motesplatsenangered.se\/en\/wp-json\/wp\/v2\/media?parent=40"}],"curies":[{"name":"wp","href":"https:\/\/api.w.org\/{rel}","templated":true}]}}