{"id":50,"date":"2022-01-06T15:31:54","date_gmt":"2022-01-06T14:31:54","guid":{"rendered":"https:\/\/mpa.jilits.se\/?page_id=50"},"modified":"2023-05-08T22:00:52","modified_gmt":"2023-05-08T20:00:52","slug":"alpha-och-betakurser","status":"publish","type":"page","link":"https:\/\/motesplatsenangered.se\/en\/aktiviteter\/alpha-och-betakurser\/","title":{"rendered":"Alpha och Betakurser"},"content":{"rendered":"<p>Vad \u00e4r Alpha? Alpha \u00e4r en grundkurs i kristen tro. Varje kurstillf\u00e4lle inleds med att vi \u00e4ter tillsammans i en enkel och avslappnad milj\u00f6. Det ger m\u00f6jlighet att l\u00e4ra k\u00e4nna varandra. Kursen \u00e4r \u00f6ppen f\u00f6r alla och allt f\u00e5r fr\u00e5gas. Ingen fr\u00e5ga \u00e4r f\u00f6r liten eller f\u00f6r stor. Alphakursen ges av m\u00e5nga kyrkor i de flesta kristna traditioner. <\/p>","protected":false},"excerpt":{"rendered":"<p>Vad \u00e4r Alpha? Alpha \u00e4r en grundkurs i kristen tro. Varje kurstillf\u00e4lle inleds med att vi \u00e4ter tillsammans i en enkel och avslappnad milj\u00f6. Det ger m\u00f6jlighet att l\u00e4ra k\u00e4nna&hellip;<\/p>","protected":false},"author":1,"featured_media":56,"parent":206,"menu_order":2,"comment_status":"closed","ping_status":"closed","template":"","meta":{"footnotes":""},"class_list":["post-50","page","type-page","status-publish","has-post-thumbnail","hentry"],"_links":{"self":[{"href":"https:\/\/motesplatsenangered.se\/en\/wp-json\/wp\/v2\/pages\/50","targetHints":{"allow":["GET"]}}],"collection":[{"href":"https:\/\/motesplatsenangered.se\/en\/wp-json\/wp\/v2\/pages"}],"about":[{"href":"https:\/\/motesplatsenangered.se\/en\/wp-json\/wp\/v2\/types\/page"}],"author":[{"embeddable":true,"href":"https:\/\/motesplatsenangered.se\/en\/wp-json\/wp\/v2\/users\/1"}],"replies":[{"embeddable":true,"href":"https:\/\/motesplatsenangered.se\/en\/wp-json\/wp\/v2\/comments?post=50"}],"version-history":[{"count":6,"href":"https:\/\/motesplatsenangered.se\/en\/wp-json\/wp\/v2\/pages\/50\/revisions"}],"predecessor-version":[{"id":381,"href":"https:\/\/motesplatsenangered.se\/en\/wp-json\/wp\/v2\/pages\/50\/revisions\/381"}],"up":[{"embeddable":true,"href":"https:\/\/motesplatsenangered.se\/en\/wp-json\/wp\/v2\/pages\/206"}],"wp:featuredmedia":[{"embeddable":true,"href":"https:\/\/motesplatsenangered.se\/en\/wp-json\/wp\/v2\/media\/56"}],"wp:attachment":[{"href":"https:\/\/motesplatsenangered.se\/en\/wp-json\/wp\/v2\/media?parent=50"}],"curies":[{"name":"wp","href":"https:\/\/api.w.org\/{rel}","templated":true}]}}