{"id":85,"date":"2022-01-06T18:53:15","date_gmt":"2022-01-06T17:53:15","guid":{"rendered":"https:\/\/mpa.jilits.se\/?page_id=85"},"modified":"2023-03-10T17:48:57","modified_gmt":"2023-03-10T16:48:57","slug":"mission-etiopien","status":"publish","type":"page","link":"https:\/\/motesplatsenangered.se\/en\/mission-etiopien\/","title":{"rendered":"Mission Etiopien"},"content":{"rendered":"<p>Mamma\/barnhj\u00e4lpen, hj\u00e4lp till sj\u00e4lvhj\u00e4lp f\u00f6r ensamst\u00e5ende mammor i Etiopien. <\/p>\n\n\n\n<p><strong>Fekerte<\/strong> <strong>Bogale<\/strong>\u00a0som \u00e4r ansvarig f\u00f6r denna hj\u00e4lpinsats, \u00e4r medlem i f\u00f6rsamlingen och \u00e4r sj\u00e4lv f\u00f6dd och uppvuxen i Etiopien. Hon har ett stort hj\u00e4rta och n\u00f6d f\u00f6r ensamst\u00e5ende mammor som har det sv\u00e5rt i Etiopien.<\/p>\n\n\n\n<p>Sedan en tid tillbaka, s\u00e5 f\u00f6rs\u00f6ker hon p\u00e5 olika s\u00e4tt att samla in pengar f\u00f6r att hj\u00e4lpa mammor och barn till en trygare tillvaro. M\u00e5ls\u00e4ttningen \u00e4r i f\u00f6rsta hand att hj\u00e4lpa ensamst\u00e5ende mammor med barn att kunna \u00f6verleva. M\u00e5let vidare, \u00e4r att hitta v\u00e4gar till att dessa mammor skall kunna bli sj\u00e4lvf\u00f6rs\u00f6rjande.&nbsp;<\/p>\n\n\n\n<figure class=\"wp-block-gallery has-nested-images columns-default is-cropped wp-block-gallery-1 is-layout-flex wp-block-gallery-is-layout-flex\">\n<figure class=\"wp-block-image size-full\"><img loading=\"lazy\" decoding=\"async\" width=\"600\" height=\"600\" data-id=\"337\" src=\"http:\/\/motesplatsenangered.se\/wp-content\/uploads\/2023\/03\/IMG_20190827_095103_b-1.jpg\" alt=\"\" class=\"wp-image-337\" srcset=\"https:\/\/motesplatsenangered.se\/wp-content\/uploads\/2023\/03\/IMG_20190827_095103_b-1.jpg 600w, https:\/\/motesplatsenangered.se\/wp-content\/uploads\/2023\/03\/IMG_20190827_095103_b-1-300x300.jpg 300w, https:\/\/motesplatsenangered.se\/wp-content\/uploads\/2023\/03\/IMG_20190827_095103_b-1-150x150.jpg 150w, https:\/\/motesplatsenangered.se\/wp-content\/uploads\/2023\/03\/IMG_20190827_095103_b-1-12x12.jpg 12w\" sizes=\"auto, (max-width: 600px) 100vw, 600px\" \/><\/figure>\n\n\n\n<figure class=\"wp-block-image size-full\"><img loading=\"lazy\" decoding=\"async\" width=\"600\" height=\"600\" data-id=\"338\" src=\"http:\/\/motesplatsenangered.se\/wp-content\/uploads\/2023\/03\/00180_Moment3_a-1.jpg\" alt=\"\" class=\"wp-image-338\" srcset=\"https:\/\/motesplatsenangered.se\/wp-content\/uploads\/2023\/03\/00180_Moment3_a-1.jpg 600w, https:\/\/motesplatsenangered.se\/wp-content\/uploads\/2023\/03\/00180_Moment3_a-1-300x300.jpg 300w, https:\/\/motesplatsenangered.se\/wp-content\/uploads\/2023\/03\/00180_Moment3_a-1-150x150.jpg 150w, https:\/\/motesplatsenangered.se\/wp-content\/uploads\/2023\/03\/00180_Moment3_a-1-12x12.jpg 12w\" sizes=\"auto, (max-width: 600px) 100vw, 600px\" \/><\/figure>\n\n\n\n<figure class=\"wp-block-image size-full\"><img loading=\"lazy\" decoding=\"async\" width=\"504\" height=\"504\" data-id=\"339\" src=\"http:\/\/motesplatsenangered.se\/wp-content\/uploads\/2023\/03\/VID_20190811_144449_Moment63_a-1.jpg\" alt=\"\" class=\"wp-image-339\" srcset=\"https:\/\/motesplatsenangered.se\/wp-content\/uploads\/2023\/03\/VID_20190811_144449_Moment63_a-1.jpg 504w, https:\/\/motesplatsenangered.se\/wp-content\/uploads\/2023\/03\/VID_20190811_144449_Moment63_a-1-300x300.jpg 300w, https:\/\/motesplatsenangered.se\/wp-content\/uploads\/2023\/03\/VID_20190811_144449_Moment63_a-1-150x150.jpg 150w, https:\/\/motesplatsenangered.se\/wp-content\/uploads\/2023\/03\/VID_20190811_144449_Moment63_a-1-12x12.jpg 12w\" sizes=\"auto, (max-width: 504px) 100vw, 504px\" \/><\/figure>\n<\/figure>","protected":false},"excerpt":{"rendered":"<p>Mamma\/barnhj\u00e4lpen, hj\u00e4lp till sj\u00e4lvhj\u00e4lp f\u00f6r ensamst\u00e5ende mammor i Etiopien. Fekerte Bogale\u00a0som \u00e4r ansvarig f\u00f6r denna hj\u00e4lpinsats, \u00e4r medlem i f\u00f6rsamlingen och \u00e4r sj\u00e4lv f\u00f6dd och uppvuxen i Etiopien. Hon har&hellip;<\/p>","protected":false},"author":1,"featured_media":331,"parent":0,"menu_order":0,"comment_status":"closed","ping_status":"closed","template":"","meta":{"footnotes":""},"class_list":["post-85","page","type-page","status-publish","has-post-thumbnail","hentry"],"_links":{"self":[{"href":"https:\/\/motesplatsenangered.se\/en\/wp-json\/wp\/v2\/pages\/85","targetHints":{"allow":["GET"]}}],"collection":[{"href":"https:\/\/motesplatsenangered.se\/en\/wp-json\/wp\/v2\/pages"}],"about":[{"href":"https:\/\/motesplatsenangered.se\/en\/wp-json\/wp\/v2\/types\/page"}],"author":[{"embeddable":true,"href":"https:\/\/motesplatsenangered.se\/en\/wp-json\/wp\/v2\/users\/1"}],"replies":[{"embeddable":true,"href":"https:\/\/motesplatsenangered.se\/en\/wp-json\/wp\/v2\/comments?post=85"}],"version-history":[{"count":4,"href":"https:\/\/motesplatsenangered.se\/en\/wp-json\/wp\/v2\/pages\/85\/revisions"}],"predecessor-version":[{"id":341,"href":"https:\/\/motesplatsenangered.se\/en\/wp-json\/wp\/v2\/pages\/85\/revisions\/341"}],"wp:featuredmedia":[{"embeddable":true,"href":"https:\/\/motesplatsenangered.se\/en\/wp-json\/wp\/v2\/media\/331"}],"wp:attachment":[{"href":"https:\/\/motesplatsenangered.se\/en\/wp-json\/wp\/v2\/media?parent=85"}],"curies":[{"name":"wp","href":"https:\/\/api.w.org\/{rel}","templated":true}]}}